{"id":109118,"date":"2021-03-22T10:35:35","date_gmt":"2021-03-22T13:35:35","guid":{"rendered":"https:\/\/sophiederam.hostaws.com.br\/?page_id=109118"},"modified":"2021-07-15T09:50:14","modified_gmt":"2021-07-15T12:50:14","slug":"gabriellavillasboas","status":"publish","type":"page","link":"https:\/\/sitesquare.com.br\/blog\/br\/autores\/gabriellavillasboas\/","title":{"rendered":"Gabriella Villas B\u00f4as"},"content":{"rendered":"<p>[vc_row height=&#8221;medium&#8221; css=&#8221;%7B%22default%22%3A%7B%22background-color%22%3A%22linear-gradient%28360deg%2C%2377c6be%2C%2386c587%29%22%7D%7D&#8221;][vc_column][vc_row_inner][vc_column_inner width=&#8221;1\/3&#8243; css=&#8221;%7B%22default%22%3A%7B%22color%22%3A%22%23ffffff%22%7D%7D&#8221;][us_image image=&#8221;109109&#8243; size=&#8221;full&#8221; style=&#8221;circle&#8221; animate=&#8221;afl&#8221; animate_delay=&#8221;.3&#8243;][\/vc_column_inner][vc_column_inner animate=&#8221;afl&#8221; animate_delay=&#8221;.3&#8243; width=&#8221;2\/3&#8243;][us_post_title tag=&#8221;h1&#8243; css=&#8221;%7B%22default%22%3A%7B%22color%22%3A%22%23ffffff%22%2C%22text-align%22%3A%22left%22%2C%22font-family%22%3A%22Playfair%20Display%22%2C%22font-weight%22%3A%22900%22%2C%22font-style%22%3A%22italic%22%7D%7D&#8221;][vc_column_text css=&#8221;%7B%22default%22%3A%7B%22color%22%3A%22%23ffffff%22%7D%7D&#8221; el_class=&#8221;chamada&#8221;]Gabriella Villas B\u00f4as \u00e9 nutricionista materno infantil, mestre em Nutri\u00e7\u00e3o Humana pela Universidade de Bras\u00edlia (UnB), especialista em Nutri\u00e7\u00e3o nos Ciclos da Vida pelo Instituto Cristina Martins e Nutricoach M\u00e9todo Sophie.<\/p>\n<p>\u00c9 educadora e defensora de uma educa\u00e7\u00e3o alimentar sem terrorismo nutricional nas escolas e no ambiente familiar. Idealizadora do curso\u00a0<a href=\"https:\/\/www.instagram.com\/cozinhadobebe\/\" target=\"_blank\" rel=\"noopener\">Oficina\u00a0culin\u00e1ria: \u201cCozinha do beb\u00ea: a introdu\u00e7\u00e3o alimentar da teoria \u00e0 pr\u00e1tica\u201d<\/a>, auxilia as fam\u00edlias a introduzirem novos alimentos na vida dos beb\u00eas de forma tranquila, descomplicada e com muito sabor.<\/p>\n<p>Tamb\u00e9m atua como consultora nas \u00e1reas de nutri\u00e7\u00e3o materno infantil e educa\u00e7\u00e3o alimentar e nutricional. Em seu consult\u00f3rio, realiza atendimentos para gestantes, beb\u00eas e crian\u00e7as, al\u00e9m de orienta\u00e7\u00f5es relacionadas a restri\u00e7\u00f5es alimentares como doen\u00e7a cel\u00edaca e alergia alimentar.[\/vc_column_text][us_socials items=&#8221;%5B%7B%22type%22%3A%22instagram%22%2C%22url%22%3A%22https%3A%2F%2Fwww.instagram.com%2Fgabyvillasboas_nutri%2F%22%2C%22icon%22%3A%22fab%7Capple%22%2C%22color%22%3A%22_content_faded%22%7D%5D&#8221; icons_color=&#8221;text&#8221; shape=&#8221;none&#8221; gap=&#8221;10px&#8221; css=&#8221;%7B%22default%22%3A%7B%22color%22%3A%22%23ffffff%22%7D%7D&#8221;][\/vc_column_inner][\/vc_row_inner][us_separator size=&#8221;large&#8221;][\/vc_column][\/vc_row][vc_row][vc_column][vc_row_inner][vc_column_inner][vc_column_text css=&#8221;%7B%22default%22%3A%7B%22text-align%22%3A%22center%22%7D%7D&#8221;]https:\/\/www.youtube.com\/watch?v=_S9oU8_Em7w[\/vc_column_text][us_separator size=&#8221;large&#8221;][vc_column_text]<\/p>\n<div class=\"col-md-6 offset-md-2 col-24\">\n<div class=\"col-md-6 offset-md-2 col-24\">\n<h3>Forma\u00e7\u00f5es acad\u00eamicas e habilidades extras<\/h3>\n<\/div>\n<\/div>\n<div class=\"col-md-14 col-24\">\n<p>2011 \u2013 2013: Mestrado em Nutri\u00e7\u00e3o Humana pela\u00a0<a href=\"http:\/\/www.unb.br\/\" target=\"_blank\" rel=\"noopener\">Universidade de Bras\u00edlia (UnB)<\/a><\/p>\n<p>2012 \u2013 2013: Especializa\u00e7\u00e3o em Nutri\u00e7\u00e3o nos Ciclos da Vida pelo\u00a0<a href=\"http:\/\/institutocristinamartins.com.br\/\" target=\"_blank\" rel=\"noopener\">Instituto Cristina Martins<\/a><\/p>\n<p>2002 \u2013 2007: Gradua\u00e7\u00e3o em Nutri\u00e7\u00e3o pela\u00a0<a href=\"https:\/\/www.ufrn.br\/\" target=\"_blank\" rel=\"noopener\">Universidade Federal do Rio Grande do Norte (UFRN)<\/a><\/p>\n<div class=\"col-md-6 offset-md-2 col-24\">\n<h3>Publica\u00e7\u00f5es cient\u00edficas, projetos e atividades desenvolvidas<\/h3>\n<\/div>\n<div class=\"col-md-14 col-24\">\n<p><strong>\u201cOficina de Introdu\u00e7\u00e3o Alimentar: a alimenta\u00e7\u00e3o do seu beb\u00ea da teoria \u00e0 pr\u00e1tica\u201d<\/strong><br \/>\nA oficina objetiva promover uma alimenta\u00e7\u00e3o saud\u00e1vel n\u00e3o s\u00f3 para o beb\u00ea, mas para toda a fam\u00edlia. Por meio do encontro, mam\u00e3es, papais e cuidadores aprendem sobre quando iniciar, como e que alimentos oferecer e como prepar\u00e1-los nas refei\u00e7\u00f5es de forma pr\u00e1tica, fazendo do ato de cozinhar para o beb\u00ea e para fam\u00edlia uma experi\u00eancia deliciosa.<\/p>\n<p><strong>Alimenta\u00e7\u00e3o Ap\u00f3s 1 ano: o que vem depois da introdu\u00e7\u00e3o alimentar?<\/strong><br \/>\nA proposta dessa oficina culin\u00e1ria \u00e9 trazer op\u00e7\u00f5es de receitas pr\u00e1ticas para o dia-a-dia, al\u00e9m de orienta\u00e7\u00f5es sobre como proporcionar uma alimenta\u00e7\u00e3o saud\u00e1vel n\u00e3o s\u00f3 para os maiores de 1 ano, mas tamb\u00e9m para toda a fam\u00edlia, j\u00e1 que nessa fase o exemplo \u00e9 fundamental para a forma\u00e7\u00e3o e manuten\u00e7\u00e3o dos h\u00e1bitos alimentares saud\u00e1veis das crian\u00e7as.<\/p>\n<p><strong>Promo\u00e7\u00e3o da alimenta\u00e7\u00e3o saud\u00e1vel nas escolas (com o grupo AlimentA\u00e7\u00e3o)<br \/>\n<\/strong><em>Assessoria e Consultoria em Alimenta\u00e7\u00e3o e Nutri\u00e7\u00e3o escolar<\/em><br \/>\nO grupo AlimentA\u00e7\u00e3o presta servi\u00e7os de assessoria e consultoria em a\u00e7\u00f5es de educa\u00e7\u00e3o alimentar e nutricional para comunidade escolar, a fim de promover a alimenta\u00e7\u00e3o saud\u00e1vel nas escolas, contribuindo assim para o desenvolvimento da qualidade de vida e de autonomia das escolhas alimentares saud\u00e1veis de forma din\u00e2mica, problematizadora e dial\u00f3gica em espa\u00e7os escolares de educa\u00e7\u00e3o formal e n\u00e3o formal.<\/p>\n<\/div>\n<\/div>\n<p>[\/vc_column_text][\/vc_column_inner][\/vc_row_inner][\/vc_column][\/vc_row]<\/p>\n","protected":false},"excerpt":{"rendered":"<p>[vc_row height=&#8221;medium&#8221; css=&#8221;%7B%22default%22%3A%7B%22background-color%22%3A%22linear-gradient%28360deg%2C%2377c6be%2C%2386c587%29%22%7D%7D&#8221;][vc_column][vc_row_inner][vc_column_inner width=&#8221;1\/3&#8243; css=&#8221;%7B%22default%22%3A%7B%22color%22%3A%22%23ffffff%22%7D%7D&#8221;][us_image image=&#8221;109109&#8243; size=&#8221;full&#8221; style=&#8221;circle&#8221; animate=&#8221;afl&#8221; animate_delay=&#8221;.3&#8243;][\/vc_column_inner][vc_column_inner animate=&#8221;afl&#8221; animate_delay=&#8221;.3&#8243; width=&#8221;2\/3&#8243;][us_post_title tag=&#8221;h1&#8243; css=&#8221;%7B%22default%22%3A%7B%22color%22%3A%22%23ffffff%22%2C%22text-align%22%3A%22left%22%2C%22font-family%22%3A%22Playfair%20Display%22%2C%22font-weight%22%3A%22900%22%2C%22font-style%22%3A%22italic%22%7D%7D&#8221;][vc_column_text css=&#8221;%7B%22default%22%3A%7B%22color%22%3A%22%23ffffff%22%7D%7D&#8221; el_class=&#8221;chamada&#8221;]Gabriella Villas B\u00f4as \u00e9 nutricionista materno infantil, mestre em Nutri\u00e7\u00e3o Humana pela Universidade de Bras\u00edlia (UnB), especialista em Nutri\u00e7\u00e3o nos Ciclos da Vida pelo Instituto Cristina Martins e Nutricoach M\u00e9todo Sophie. \u00c9 educadora e defensora de uma educa\u00e7\u00e3o alimentar [&hellip;]<\/p>\n","protected":false},"author":1,"featured_media":0,"parent":109043,"menu_order":0,"comment_status":"closed","ping_status":"closed","template":"","meta":{"footnotes":""},"class_list":["post-109118","page","type-page","status-publish","hentry"],"acf":[],"_links":{"self":[{"href":"https:\/\/sitesquare.com.br\/blog\/wp-json\/wp\/v2\/pages\/109118","targetHints":{"allow":["GET"]}}],"collection":[{"href":"https:\/\/sitesquare.com.br\/blog\/wp-json\/wp\/v2\/pages"}],"about":[{"href":"https:\/\/sitesquare.com.br\/blog\/wp-json\/wp\/v2\/types\/page"}],"author":[{"embeddable":true,"href":"https:\/\/sitesquare.com.br\/blog\/wp-json\/wp\/v2\/users\/1"}],"replies":[{"embeddable":true,"href":"https:\/\/sitesquare.com.br\/blog\/wp-json\/wp\/v2\/comments?post=109118"}],"version-history":[{"count":0,"href":"https:\/\/sitesquare.com.br\/blog\/wp-json\/wp\/v2\/pages\/109118\/revisions"}],"up":[{"embeddable":true,"href":"https:\/\/sitesquare.com.br\/blog\/wp-json\/wp\/v2\/pages\/109043"}],"wp:attachment":[{"href":"https:\/\/sitesquare.com.br\/blog\/wp-json\/wp\/v2\/media?parent=109118"}],"curies":[{"name":"wp","href":"https:\/\/api.w.org\/{rel}","templated":true}]}}